{"id":1659,"date":"2025-05-01T10:24:20","date_gmt":"2025-05-01T14:24:20","guid":{"rendered":"https:\/\/venteterrainrivenord.com\/?page_id=1659"},"modified":"2026-04-07T09:10:26","modified_gmt":"2026-04-07T13:10:26","slug":"terrain-a-vendre-bellefeuille-st-jerome-boise-des-alouettes","status":"publish","type":"page","link":"https:\/\/venteterrainrivenord.com\/en\/terrain-a-vendre-bellefeuille-st-jerome-boise-des-alouettes\/","title":{"rendered":"terrain \u00e0 vendre bellefeuille, st-jerome, boise des alouettes"},"content":{"rendered":"<div data-elementor-type=\"wp-page\" data-elementor-id=\"1659\" class=\"elementor elementor-1659\">\n\t\t\t\t\t\t<section class=\"elementor-section elementor-top-section elementor-element elementor-element-81e06e6 elementor-section-height-min-height elementor-section-boxed elementor-section-height-default elementor-section-items-middle\" data-id=\"81e06e6\" data-element_type=\"section\" data-e-type=\"section\" data-settings=\"{&quot;background_background&quot;:&quot;classic&quot;}\">\n\t\t\t\t\t\t\t<div class=\"elementor-background-overlay\"><\/div>\n\t\t\t\t\t\t\t<div class=\"elementor-container elementor-column-gap-default\">\n\t\t\t\t\t<div class=\"elementor-column elementor-col-100 elementor-top-column elementor-element elementor-element-212a946\" data-id=\"212a946\" data-element_type=\"column\" data-e-type=\"column\">\n\t\t\t<div class=\"elementor-widget-wrap elementor-element-populated\">\n\t\t\t\t\t\t<div class=\"elementor-element elementor-element-14257b3 elementor-widget__width-initial elementor-widget-mobile__width-initial elementor-invisible elementor-widget elementor-widget-heading\" data-id=\"14257b3\" data-element_type=\"widget\" data-e-type=\"widget\" data-settings=\"{&quot;_animation&quot;:&quot;slideInRight&quot;}\" data-widget_type=\"heading.default\">\n\t\t\t\t<div class=\"elementor-widget-container\">\n\t\t\t\t\t<h1 class=\"elementor-heading-title elementor-size-default\">LAND FOR SALE IN SAINT-J\u00c9R\u00d4ME <\/h1>\t\t\t\t<\/div>\n\t\t\t\t<\/div>\n\t\t\t\t<div class=\"elementor-element elementor-element-caafee3 elementor-widget elementor-widget-image\" data-id=\"caafee3\" data-element_type=\"widget\" data-e-type=\"widget\" data-widget_type=\"image.default\">\n\t\t\t\t<div class=\"elementor-widget-container\">\n\t\t\t\t\t\t\t\t\t\t\t\t\t\t\t<img decoding=\"async\" width=\"262\" height=\"174\" src=\"https:\/\/venteterrainrivenord.com\/wp-content\/uploads\/2025\/05\/boise_al.png\" class=\"attachment-large size-large wp-image-1672\" alt=\"IQ QUATTRO-vente-terrains-bois\u00e9-Laurentides-Rive-Nord-St-J\u00e9rome\" srcset=\"https:\/\/venteterrainrivenord.com\/wp-content\/uploads\/2025\/05\/boise_al.png 262w, https:\/\/venteterrainrivenord.com\/wp-content\/uploads\/2025\/05\/boise_al-18x12.png 18w\" sizes=\"(max-width: 262px) 100vw, 262px\" \/>\t\t\t\t\t\t\t\t\t\t\t\t\t\t\t<\/div>\n\t\t\t\t<\/div>\n\t\t\t\t<div class=\"elementor-element elementor-element-5f05f0e elementor-mobile-align-left elementor-align-left elementor-invisible elementor-widget elementor-widget-button\" data-id=\"5f05f0e\" data-element_type=\"widget\" data-e-type=\"widget\" data-settings=\"{&quot;_animation&quot;:&quot;zoomIn&quot;}\" data-widget_type=\"button.default\">\n\t\t\t\t<div class=\"elementor-widget-container\">\n\t\t\t\t\t\t\t\t\t<div class=\"elementor-button-wrapper\">\n\t\t\t\t\t<a class=\"elementor-button elementor-button-link elementor-size-lg\" href=\"tel:514-239-9859\" target=\"_blank\">\n\t\t\t\t\t\t<span class=\"elementor-button-content-wrapper\">\n\t\t\t\t\t\t<span class=\"elementor-button-icon\">\n\t\t\t\t<i aria-hidden=\"true\" class=\"fas fa-phone-alt\"><\/i>\t\t\t<\/span>\n\t\t\t\t\t\t\t\t\t<span class=\"elementor-button-text\">514-239-9859<\/span>\n\t\t\t\t\t<\/span>\n\t\t\t\t\t<\/a>\n\t\t\t\t<\/div>\n\t\t\t\t\t\t\t\t<\/div>\n\t\t\t\t<\/div>\n\t\t\t\t\t<\/div>\n\t\t<\/div>\n\t\t\t\t\t<\/div>\n\t\t<\/section>\n\t\t\t\t<section class=\"elementor-section elementor-top-section elementor-element elementor-element-a79b198 elementor-section-boxed elementor-section-height-default elementor-section-height-default\" data-id=\"a79b198\" data-element_type=\"section\" data-e-type=\"section\" data-settings=\"{&quot;background_background&quot;:&quot;classic&quot;}\">\n\t\t\t\t\t\t\t<div class=\"elementor-background-overlay\"><\/div>\n\t\t\t\t\t\t\t<div class=\"elementor-container elementor-column-gap-default\">\n\t\t\t\t\t<div class=\"elementor-column elementor-col-100 elementor-top-column elementor-element elementor-element-c3653e9\" data-id=\"c3653e9\" data-element_type=\"column\" data-e-type=\"column\">\n\t\t\t<div class=\"elementor-widget-wrap elementor-element-populated\">\n\t\t\t\t\t\t<div class=\"elementor-element elementor-element-9cb1b5f elementor-widget elementor-widget-spacer\" data-id=\"9cb1b5f\" data-element_type=\"widget\" data-e-type=\"widget\" data-widget_type=\"spacer.default\">\n\t\t\t\t<div class=\"elementor-widget-container\">\n\t\t\t\t\t\t\t<div class=\"elementor-spacer\">\n\t\t\t<div class=\"elementor-spacer-inner\"><\/div>\n\t\t<\/div>\n\t\t\t\t\t\t<\/div>\n\t\t\t\t<\/div>\n\t\t\t\t\t<\/div>\n\t\t<\/div>\n\t\t\t\t\t<\/div>\n\t\t<\/section>\n\t\t\t\t<section class=\"elementor-section elementor-top-section elementor-element elementor-element-7ad052a elementor-section-boxed elementor-section-height-default elementor-section-height-default\" data-id=\"7ad052a\" data-element_type=\"section\" data-e-type=\"section\" data-settings=\"{&quot;background_background&quot;:&quot;classic&quot;}\">\n\t\t\t\t\t\t\t<div class=\"elementor-background-overlay\"><\/div>\n\t\t\t\t\t\t\t<div class=\"elementor-container elementor-column-gap-default\">\n\t\t\t\t\t<div class=\"elementor-column elementor-col-100 elementor-top-column elementor-element elementor-element-b5b7575\" data-id=\"b5b7575\" data-element_type=\"column\" data-e-type=\"column\">\n\t\t\t<div class=\"elementor-widget-wrap elementor-element-populated\">\n\t\t\t\t\t\t<div class=\"elementor-element elementor-element-3807c78 elementor-invisible elementor-widget elementor-widget-text-editor\" data-id=\"3807c78\" data-element_type=\"widget\" data-e-type=\"widget\" data-settings=\"{&quot;_animation&quot;:&quot;zoomIn&quot;}\" data-widget_type=\"text-editor.default\">\n\t\t\t\t<div class=\"elementor-widget-container\">\n\t\t\t\t\t\t\t\t\t<div class=\"translation-block\"><b> <\/b><strong>Magnificent wooded lots<\/strong> available between 16,000 sq ft<\/div><p>et 34 000pi2.<\/p>\t\t\t\t\t\t\t\t<\/div>\n\t\t\t\t<\/div>\n\t\t\t\t<div class=\"elementor-element elementor-element-e376c03 elementor-widget elementor-widget-spacer\" data-id=\"e376c03\" data-element_type=\"widget\" data-e-type=\"widget\" data-widget_type=\"spacer.default\">\n\t\t\t\t<div class=\"elementor-widget-container\">\n\t\t\t\t\t\t\t<div class=\"elementor-spacer\">\n\t\t\t<div class=\"elementor-spacer-inner\"><\/div>\n\t\t<\/div>\n\t\t\t\t\t\t<\/div>\n\t\t\t\t<\/div>\n\t\t\t\t\t<\/div>\n\t\t<\/div>\n\t\t\t\t\t<\/div>\n\t\t<\/section>\n\t\t\t\t<section class=\"elementor-section elementor-top-section elementor-element elementor-element-2eb0ed5 elementor-section-boxed elementor-section-height-default elementor-section-height-default\" data-id=\"2eb0ed5\" data-element_type=\"section\" data-e-type=\"section\">\n\t\t\t\t\t\t<div class=\"elementor-container elementor-column-gap-default\">\n\t\t\t\t\t<div class=\"elementor-column elementor-col-50 elementor-top-column elementor-element elementor-element-418620a\" data-id=\"418620a\" data-element_type=\"column\" data-e-type=\"column\">\n\t\t\t<div class=\"elementor-widget-wrap elementor-element-populated\">\n\t\t\t\t\t\t<div class=\"elementor-element elementor-element-e8cf1c0 elementor-invisible elementor-widget elementor-widget-heading\" data-id=\"e8cf1c0\" data-element_type=\"widget\" data-e-type=\"widget\" data-settings=\"{&quot;_animation&quot;:&quot;zoomIn&quot;}\" data-widget_type=\"heading.default\">\n\t\t\t\t<div class=\"elementor-widget-container\">\n\t\t\t\t\t<h2 class=\"elementor-heading-title elementor-size-default\">Land for sale - Residential<\/h2>\t\t\t\t<\/div>\n\t\t\t\t<\/div>\n\t\t\t\t<div class=\"elementor-element elementor-element-5b512de elementor-invisible elementor-widget elementor-widget-heading\" data-id=\"5b512de\" data-element_type=\"widget\" data-e-type=\"widget\" data-settings=\"{&quot;_animation&quot;:&quot;zoomIn&quot;}\" data-widget_type=\"heading.default\">\n\t\t\t\t<div class=\"elementor-widget-container\">\n\t\t\t\t\t<h2 class=\"elementor-heading-title elementor-size-default\">Bellefeuille sector<\/h2>\t\t\t\t<\/div>\n\t\t\t\t<\/div>\n\t\t\t\t<div class=\"elementor-element elementor-element-e285d8d elementor-widget-divider--view-line elementor-invisible elementor-widget elementor-widget-divider\" data-id=\"e285d8d\" data-element_type=\"widget\" data-e-type=\"widget\" data-settings=\"{&quot;_animation&quot;:&quot;zoomIn&quot;}\" data-widget_type=\"divider.default\">\n\t\t\t\t<div class=\"elementor-widget-container\">\n\t\t\t\t\t\t\t<div class=\"elementor-divider\">\n\t\t\t<span class=\"elementor-divider-separator\">\n\t\t\t\t\t\t<\/span>\n\t\t<\/div>\n\t\t\t\t\t\t<\/div>\n\t\t\t\t<\/div>\n\t\t\t\t<div class=\"elementor-element elementor-element-965ee95 elementor-invisible elementor-widget elementor-widget-text-editor\" data-id=\"965ee95\" data-element_type=\"widget\" data-e-type=\"widget\" data-settings=\"{&quot;_animation&quot;:&quot;zoomIn&quot;}\" data-widget_type=\"text-editor.default\">\n\t\t\t\t<div class=\"elementor-widget-container\">\n\t\t\t\t\t\t\t\t\t<p class=\"translation-block\">The residential project <b>Bois\u00e9 des Alouettes<\/b> is located in the Bellefeuille sector of Saint-J\u00e9r\u00f4me. The lots are offered with a water supply only for single-family or intergenerational residences.<\/p><div><strong><strong>Beautiful wooded lots available between 16,000 sq ft and 34,000 sq ft<br \/><\/strong><\/strong><ul><li><strong>Beautiful wooded lots with aqueduct access, available between 16,000 sq ft and 23,000 sq ft starting from<span class=\"gmail-Apple-converted-space\">\u00a0<\/span><b>295 000<\/b>$\u00a0<\/strong><\/li><li><span style=\"font-size: large;\"><b>Beautiful wooded lots, without services, over 32,500 sq ft starting at $265,000.<\/b><\/span><\/li><\/ul><strong>\u00a0<\/strong><\/div><p class=\"translation-block\"><em>Located less than 3 kilometers from Highway 15 North<\/em><br><em>Near C\u00f4te St-Nicolas and only 5 minutes from downtown.<\/em><\/p>\t\t\t\t\t\t\t\t<\/div>\n\t\t\t\t<\/div>\n\t\t\t\t<div class=\"elementor-element elementor-element-ca2a9b0 elementor-invisible elementor-widget elementor-widget-text-editor\" data-id=\"ca2a9b0\" data-element_type=\"widget\" data-e-type=\"widget\" data-settings=\"{&quot;_animation&quot;:&quot;zoomIn&quot;}\" data-widget_type=\"text-editor.default\">\n\t\t\t\t<div class=\"elementor-widget-container\">\n\t\t\t\t\t\t\t\t\t<p><strong>Links and other references:<\/strong><\/p><p>\u00a0<\/p>\t\t\t\t\t\t\t\t<\/div>\n\t\t\t\t<\/div>\n\t\t\t\t<div class=\"elementor-element elementor-element-552aae3 elementor-widget__width-initial elementor-widget elementor-widget-image\" data-id=\"552aae3\" data-element_type=\"widget\" data-e-type=\"widget\" data-widget_type=\"image.default\">\n\t\t\t\t<div class=\"elementor-widget-container\">\n\t\t\t\t\t\t\t\t\t\t\t\t\t\t\t\t<a href=\"https:\/\/www.facebook.com\/boisedesalouettes\/\" target=\"_blank\">\n\t\t\t\t\t\t\t<img decoding=\"async\" width=\"300\" height=\"96\" src=\"https:\/\/venteterrainrivenord.com\/wp-content\/uploads\/2024\/03\/logo-facebook.png\" class=\"attachment-full size-full wp-image-1239\" alt=\"IQ QUATTRO-vente-terrains-bois\u00e9-Laurentides-Rive-Nord-St-J\u00e9rome\" srcset=\"https:\/\/venteterrainrivenord.com\/wp-content\/uploads\/2024\/03\/logo-facebook.png 300w, https:\/\/venteterrainrivenord.com\/wp-content\/uploads\/2024\/03\/logo-facebook-18x6.png 18w\" sizes=\"(max-width: 300px) 100vw, 300px\" \/>\t\t\t\t\t\t\t\t<\/a>\n\t\t\t\t\t\t\t\t\t\t\t\t\t\t\t<\/div>\n\t\t\t\t<\/div>\n\t\t\t\t\t<\/div>\n\t\t<\/div>\n\t\t\t\t<div class=\"elementor-column elementor-col-50 elementor-top-column elementor-element elementor-element-2d4e650 elementor-invisible\" data-id=\"2d4e650\" data-element_type=\"column\" data-e-type=\"column\" data-settings=\"{&quot;animation&quot;:&quot;zoomIn&quot;}\">\n\t\t\t<div class=\"elementor-widget-wrap elementor-element-populated\">\n\t\t\t\t\t\t<div class=\"elementor-element elementor-element-6d65eb3 elementor-widget-divider--view-line elementor-widget elementor-widget-divider\" data-id=\"6d65eb3\" data-element_type=\"widget\" data-e-type=\"widget\" data-widget_type=\"divider.default\">\n\t\t\t\t<div class=\"elementor-widget-container\">\n\t\t\t\t\t\t\t<div class=\"elementor-divider\">\n\t\t\t<span class=\"elementor-divider-separator\">\n\t\t\t\t\t\t<\/span>\n\t\t<\/div>\n\t\t\t\t\t\t<\/div>\n\t\t\t\t<\/div>\n\t\t\t\t<div class=\"elementor-element elementor-element-6739262 elementor-widget elementor-widget-image\" data-id=\"6739262\" data-element_type=\"widget\" data-e-type=\"widget\" data-widget_type=\"image.default\">\n\t\t\t\t<div class=\"elementor-widget-container\">\n\t\t\t\t\t\t\t\t\t\t\t\t\t\t\t<img fetchpriority=\"high\" decoding=\"async\" width=\"1024\" height=\"576\" src=\"https:\/\/venteterrainrivenord.com\/wp-content\/uploads\/2023\/05\/projet-signature-1024x576.jpg\" class=\"attachment-large size-large wp-image-718\" alt=\"IQ QUATTRO-vente-terrains-Lachute-unifamiliale\" srcset=\"https:\/\/venteterrainrivenord.com\/wp-content\/uploads\/2023\/05\/projet-signature-1024x576.jpg 1024w, https:\/\/venteterrainrivenord.com\/wp-content\/uploads\/2023\/05\/projet-signature-300x169.jpg 300w, https:\/\/venteterrainrivenord.com\/wp-content\/uploads\/2023\/05\/projet-signature-768x432.jpg 768w, https:\/\/venteterrainrivenord.com\/wp-content\/uploads\/2023\/05\/projet-signature-18x10.jpg 18w, https:\/\/venteterrainrivenord.com\/wp-content\/uploads\/2023\/05\/projet-signature.jpg 1198w\" sizes=\"(max-width: 1024px) 100vw, 1024px\" \/>\t\t\t\t\t\t\t\t\t\t\t\t\t\t\t<\/div>\n\t\t\t\t<\/div>\n\t\t\t\t<div class=\"elementor-element elementor-element-f1f7c0c elementor-invisible elementor-widget elementor-widget-heading\" data-id=\"f1f7c0c\" data-element_type=\"widget\" data-e-type=\"widget\" data-settings=\"{&quot;_animation&quot;:&quot;zoomIn&quot;}\" data-widget_type=\"heading.default\">\n\t\t\t\t<div class=\"elementor-widget-container\">\n\t\t\t\t\t<h2 class=\"elementor-heading-title elementor-size-default\">Don't miss this opportunity<\/h2>\t\t\t\t<\/div>\n\t\t\t\t<\/div>\n\t\t\t\t<div class=\"elementor-element elementor-element-d5941f4 elementor-mobile-align-center elementor-align-center elementor-invisible elementor-widget elementor-widget-button\" data-id=\"d5941f4\" data-element_type=\"widget\" data-e-type=\"widget\" data-settings=\"{&quot;_animation&quot;:&quot;zoomIn&quot;}\" data-widget_type=\"button.default\">\n\t\t\t\t<div class=\"elementor-widget-container\">\n\t\t\t\t\t\t\t\t\t<div class=\"elementor-button-wrapper\">\n\t\t\t\t\t<a class=\"elementor-button elementor-button-link elementor-size-lg\" href=\"tel:514-239-9859\" target=\"_blank\">\n\t\t\t\t\t\t<span class=\"elementor-button-content-wrapper\">\n\t\t\t\t\t\t<span class=\"elementor-button-icon\">\n\t\t\t\t<i aria-hidden=\"true\" class=\"fas fa-phone-alt\"><\/i>\t\t\t<\/span>\n\t\t\t\t\t\t\t\t\t<span class=\"elementor-button-text\">514-239-9859<\/span>\n\t\t\t\t\t<\/span>\n\t\t\t\t\t<\/a>\n\t\t\t\t<\/div>\n\t\t\t\t\t\t\t\t<\/div>\n\t\t\t\t<\/div>\n\t\t\t\t\t<\/div>\n\t\t<\/div>\n\t\t\t\t\t<\/div>\n\t\t<\/section>\n\t\t\t\t<section class=\"elementor-section elementor-top-section elementor-element elementor-element-82a91ab elementor-section-boxed elementor-section-height-default elementor-section-height-default\" data-id=\"82a91ab\" data-element_type=\"section\" data-e-type=\"section\">\n\t\t\t\t\t\t<div class=\"elementor-container elementor-column-gap-default\">\n\t\t\t\t\t<div class=\"elementor-column elementor-col-100 elementor-top-column elementor-element elementor-element-8ba3e68 elementor-invisible\" data-id=\"8ba3e68\" data-element_type=\"column\" data-e-type=\"column\" data-settings=\"{&quot;animation&quot;:&quot;zoomIn&quot;}\">\n\t\t\t<div class=\"elementor-widget-wrap elementor-element-populated\">\n\t\t\t\t\t\t<div class=\"elementor-element elementor-element-9784328 elementor-widget-divider--view-line elementor-widget elementor-widget-divider\" data-id=\"9784328\" data-element_type=\"widget\" data-e-type=\"widget\" data-widget_type=\"divider.default\">\n\t\t\t\t<div class=\"elementor-widget-container\">\n\t\t\t\t\t\t\t<div class=\"elementor-divider\">\n\t\t\t<span class=\"elementor-divider-separator\">\n\t\t\t\t\t\t<\/span>\n\t\t<\/div>\n\t\t\t\t\t\t<\/div>\n\t\t\t\t<\/div>\n\t\t\t\t\t<\/div>\n\t\t<\/div>\n\t\t\t\t\t<\/div>\n\t\t<\/section>\n\t\t\t\t<section class=\"elementor-section elementor-top-section elementor-element elementor-element-a72326c elementor-section-full_width elementor-section-height-default elementor-section-height-default\" data-id=\"a72326c\" data-element_type=\"section\" data-e-type=\"section\">\n\t\t\t\t\t\t<div class=\"elementor-container elementor-column-gap-default\">\n\t\t\t\t\t<div class=\"elementor-column elementor-col-33 elementor-top-column elementor-element elementor-element-da6e5dd\" data-id=\"da6e5dd\" data-element_type=\"column\" data-e-type=\"column\">\n\t\t\t<div class=\"elementor-widget-wrap elementor-element-populated\">\n\t\t\t\t\t\t<div class=\"elementor-element elementor-element-448d160 elementor-widget elementor-widget-image\" data-id=\"448d160\" data-element_type=\"widget\" data-e-type=\"widget\" data-widget_type=\"image.default\">\n\t\t\t\t<div class=\"elementor-widget-container\">\n\t\t\t\t\t\t\t\t\t\t\t\t\t\t\t<img loading=\"lazy\" decoding=\"async\" width=\"715\" height=\"477\" src=\"https:\/\/venteterrainrivenord.com\/wp-content\/uploads\/2025\/05\/plan-boise-02.jpg\" class=\"attachment-large size-large wp-image-1678\" alt=\"IQ-QUATTRO, rive-nord, terrains bois\u00e9s, d\u00e9veloppement-Laurentides\" srcset=\"https:\/\/venteterrainrivenord.com\/wp-content\/uploads\/2025\/05\/plan-boise-02.jpg 715w, https:\/\/venteterrainrivenord.com\/wp-content\/uploads\/2025\/05\/plan-boise-02-300x200.jpg 300w, https:\/\/venteterrainrivenord.com\/wp-content\/uploads\/2025\/05\/plan-boise-02-18x12.jpg 18w\" sizes=\"(max-width: 715px) 100vw, 715px\" \/>\t\t\t\t\t\t\t\t\t\t\t\t\t\t\t<\/div>\n\t\t\t\t<\/div>\n\t\t\t\t\t<\/div>\n\t\t<\/div>\n\t\t\t\t<div class=\"elementor-column elementor-col-33 elementor-top-column elementor-element elementor-element-b6a5ba6\" data-id=\"b6a5ba6\" data-element_type=\"column\" data-e-type=\"column\">\n\t\t\t<div class=\"elementor-widget-wrap elementor-element-populated\">\n\t\t\t\t\t\t<div class=\"elementor-element elementor-element-b75cf55 elementor-widget elementor-widget-image\" data-id=\"b75cf55\" data-element_type=\"widget\" data-e-type=\"widget\" data-widget_type=\"image.default\">\n\t\t\t\t<div class=\"elementor-widget-container\">\n\t\t\t\t\t\t\t\t\t\t\t\t\t\t\t\t<a href=\"https:\/\/venteterrainrivenord.com\/wp-content\/uploads\/2026\/04\/boise-07-04-2026.jpg\" data-elementor-open-lightbox=\"yes\" data-elementor-lightbox-title=\"boise-07-04-2026\" data-e-action-hash=\"#elementor-action%3Aaction%3Dlightbox%26settings%3DeyJpZCI6MjMyMSwidXJsIjoiaHR0cHM6XC9cL3ZlbnRldGVycmFpbnJpdmVub3JkLmNvbVwvd3AtY29udGVudFwvdXBsb2Fkc1wvMjAyNlwvMDRcL2JvaXNlLTA3LTA0LTIwMjYuanBnIn0%3D\">\n\t\t\t\t\t\t\t<img loading=\"lazy\" decoding=\"async\" width=\"536\" height=\"584\" src=\"https:\/\/venteterrainrivenord.com\/wp-content\/uploads\/2026\/04\/boise-07-04-2026.jpg\" class=\"attachment-large size-large wp-image-2321\" alt=\"\" srcset=\"https:\/\/venteterrainrivenord.com\/wp-content\/uploads\/2026\/04\/boise-07-04-2026.jpg 536w, https:\/\/venteterrainrivenord.com\/wp-content\/uploads\/2026\/04\/boise-07-04-2026-275x300.jpg 275w, https:\/\/venteterrainrivenord.com\/wp-content\/uploads\/2026\/04\/boise-07-04-2026-11x12.jpg 11w\" sizes=\"(max-width: 536px) 100vw, 536px\" \/>\t\t\t\t\t\t\t\t<\/a>\n\t\t\t\t\t\t\t\t\t\t\t\t\t\t\t<\/div>\n\t\t\t\t<\/div>\n\t\t\t\t\t<\/div>\n\t\t<\/div>\n\t\t\t\t<div class=\"elementor-column elementor-col-33 elementor-top-column elementor-element elementor-element-60944a3\" data-id=\"60944a3\" data-element_type=\"column\" data-e-type=\"column\">\n\t\t\t<div class=\"elementor-widget-wrap elementor-element-populated\">\n\t\t\t\t\t\t<div class=\"elementor-element elementor-element-595e5b9 elementor-widget elementor-widget-image\" data-id=\"595e5b9\" data-element_type=\"widget\" data-e-type=\"widget\" data-widget_type=\"image.default\">\n\t\t\t\t<div class=\"elementor-widget-container\">\n\t\t\t\t\t\t\t\t\t\t\t\t\t\t\t<img loading=\"lazy\" decoding=\"async\" width=\"715\" height=\"477\" src=\"https:\/\/venteterrainrivenord.com\/wp-content\/uploads\/2025\/05\/plan-boise-023.jpg\" class=\"attachment-large size-large wp-image-1679\" alt=\"IQ-QUATTRO, rive-nord, terrains bois\u00e9s, d\u00e9veloppement-Laurentides\" srcset=\"https:\/\/venteterrainrivenord.com\/wp-content\/uploads\/2025\/05\/plan-boise-023.jpg 715w, https:\/\/venteterrainrivenord.com\/wp-content\/uploads\/2025\/05\/plan-boise-023-300x200.jpg 300w, https:\/\/venteterrainrivenord.com\/wp-content\/uploads\/2025\/05\/plan-boise-023-18x12.jpg 18w\" sizes=\"(max-width: 715px) 100vw, 715px\" \/>\t\t\t\t\t\t\t\t\t\t\t\t\t\t\t<\/div>\n\t\t\t\t<\/div>\n\t\t\t\t\t<\/div>\n\t\t<\/div>\n\t\t\t\t\t<\/div>\n\t\t<\/section>\n\t\t\t\t<section class=\"elementor-section elementor-top-section elementor-element elementor-element-dc3e3c4 elementor-section-full_width elementor-section-height-default elementor-section-height-default\" data-id=\"dc3e3c4\" data-element_type=\"section\" data-e-type=\"section\">\n\t\t\t\t\t\t<div class=\"elementor-container elementor-column-gap-default\">\n\t\t\t\t\t<div class=\"elementor-column elementor-col-100 elementor-top-column elementor-element elementor-element-4fcf0e4\" data-id=\"4fcf0e4\" data-element_type=\"column\" data-e-type=\"column\">\n\t\t\t<div class=\"elementor-widget-wrap elementor-element-populated\">\n\t\t\t\t\t\t<div class=\"elementor-element elementor-element-a745aab elementor-widget elementor-widget-google_maps\" data-id=\"a745aab\" data-element_type=\"widget\" data-e-type=\"widget\" data-widget_type=\"google_maps.default\">\n\t\t\t\t<div class=\"elementor-widget-container\">\n\t\t\t\t\t\t\t<div class=\"elementor-custom-embed\">\n\t\t\t<iframe loading=\"lazy\"\n\t\t\t\t\tsrc=\"https:\/\/maps.google.com\/maps?q=Rue%20des%20Alouettes%2C%20saint-jerome%2C%20Qu%C3%A9bec%2C&#038;t=m&#038;z=10&#038;output=embed&#038;iwloc=near\"\n\t\t\t\t\ttitle=\"Rue des Alouettes, saint-jerome, Qu\u00e9bec,\"\n\t\t\t\t\taria-label=\"Rue des Alouettes, saint-jerome, Qu\u00e9bec,\"\n\t\t\t><\/iframe>\n\t\t<\/div>\n\t\t\t\t\t\t<\/div>\n\t\t\t\t<\/div>\n\t\t\t\t\t<\/div>\n\t\t<\/div>\n\t\t\t\t\t<\/div>\n\t\t<\/section>\n\t\t\t\t<\/div>","protected":false},"excerpt":{"rendered":"<p>TERRAINS \u00c0 VENDRE \u00c0 SAINT-J\u00c9R\u00d4ME 514-239-9859 \u00a0Magnifiques terrains bois\u00e9s disponibles entre 16 000pi2 et 34 000pi2. Terrains \u00e0 vendre &#8211; R\u00e9sidentiel secteur Bellefeuille Le projet r\u00e9sidentiel\u00a0Bois\u00e9 des Alouettes\u00a0est situ\u00e9 dans le secteur de Bellefeuille \u00e0 Saint-J\u00e9r\u00f4me. Les terrains sont offerts avec aqueduc seulement pour r\u00e9sidence unifamiliale ou interg\u00e9n\u00e9rationnelle. Magnifiques terrains bois\u00e9s disponibles entre 16 000&hellip;&nbsp;<a href=\"https:\/\/venteterrainrivenord.com\/en\/terrain-a-vendre-bellefeuille-st-jerome-boise-des-alouettes\/\" rel=\"bookmark\">Read More &raquo;<span class=\"screen-reader-text\">terrain \u00e0 vendre bellefeuille, st-jerome, boise des alouettes<\/span><\/a><\/p>","protected":false},"author":1,"featured_media":0,"parent":0,"menu_order":0,"comment_status":"closed","ping_status":"closed","template":"page-templates\/template-pagebuilder-full-width.php","meta":{"om_disable_all_campaigns":false,"_monsterinsights_skip_tracking":false,"_monsterinsights_sitenote_active":false,"_monsterinsights_sitenote_note":"","_monsterinsights_sitenote_category":0,"neve_meta_sidebar":"","neve_meta_container":"","neve_meta_enable_content_width":"off","neve_meta_content_width":70,"neve_meta_title_alignment":"left","neve_meta_author_avatar":"","neve_post_elements_order":"","neve_meta_disable_header":"","neve_meta_disable_footer":"","neve_meta_disable_title":"on","neve_meta_reading_time":"","footnotes":""},"class_list":["post-1659","page","type-page","status-publish","hentry"],"aioseo_notices":[],"_links":{"self":[{"href":"https:\/\/venteterrainrivenord.com\/en\/wp-json\/wp\/v2\/pages\/1659","targetHints":{"allow":["GET"]}}],"collection":[{"href":"https:\/\/venteterrainrivenord.com\/en\/wp-json\/wp\/v2\/pages"}],"about":[{"href":"https:\/\/venteterrainrivenord.com\/en\/wp-json\/wp\/v2\/types\/page"}],"author":[{"embeddable":true,"href":"https:\/\/venteterrainrivenord.com\/en\/wp-json\/wp\/v2\/users\/1"}],"replies":[{"embeddable":true,"href":"https:\/\/venteterrainrivenord.com\/en\/wp-json\/wp\/v2\/comments?post=1659"}],"version-history":[{"count":88,"href":"https:\/\/venteterrainrivenord.com\/en\/wp-json\/wp\/v2\/pages\/1659\/revisions"}],"predecessor-version":[{"id":2324,"href":"https:\/\/venteterrainrivenord.com\/en\/wp-json\/wp\/v2\/pages\/1659\/revisions\/2324"}],"wp:attachment":[{"href":"https:\/\/venteterrainrivenord.com\/en\/wp-json\/wp\/v2\/media?parent=1659"}],"curies":[{"name":"wp","href":"https:\/\/api.w.org\/{rel}","templated":true}]}}