{"id":1810,"date":"2025-05-05T09:13:06","date_gmt":"2025-05-05T13:13:06","guid":{"rendered":"https:\/\/venteterrainrivenord.com\/?page_id=1810"},"modified":"2025-05-22T14:53:30","modified_gmt":"2025-05-22T18:53:30","slug":"terrain-a-vendre-lachute-bethany-square","status":"publish","type":"page","link":"https:\/\/venteterrainrivenord.com\/en\/terrain-a-vendre-lachute-bethany-square\/","title":{"rendered":"terrain \u00e0 vendre commercial, bethany square, lachute"},"content":{"rendered":"<div data-elementor-type=\"wp-page\" data-elementor-id=\"1810\" class=\"elementor elementor-1810\">\n\t\t\t\t\t\t<section class=\"elementor-section elementor-top-section elementor-element elementor-element-81e06e6 elementor-section-height-min-height elementor-section-boxed elementor-section-height-default elementor-section-items-middle\" data-id=\"81e06e6\" data-element_type=\"section\" data-e-type=\"section\" data-settings=\"{&quot;background_background&quot;:&quot;classic&quot;}\">\n\t\t\t\t\t\t\t<div class=\"elementor-background-overlay\"><\/div>\n\t\t\t\t\t\t\t<div class=\"elementor-container elementor-column-gap-default\">\n\t\t\t\t\t<div class=\"elementor-column elementor-col-100 elementor-top-column elementor-element elementor-element-212a946\" data-id=\"212a946\" data-element_type=\"column\" data-e-type=\"column\">\n\t\t\t<div class=\"elementor-widget-wrap elementor-element-populated\">\n\t\t\t\t\t\t<div class=\"elementor-element elementor-element-14257b3 elementor-widget__width-initial elementor-widget-mobile__width-initial elementor-invisible elementor-widget elementor-widget-heading\" data-id=\"14257b3\" data-element_type=\"widget\" data-e-type=\"widget\" data-settings=\"{&quot;_animation&quot;:&quot;slideInRight&quot;}\" data-widget_type=\"heading.default\">\n\t\t\t\t<div class=\"elementor-widget-container\">\n\t\t\t\t\t<h1 class=\"elementor-heading-title elementor-size-default\">COMMERCIAL AND MULTI-HOUSING LAND FOR SALE IN LACHUTE<\/h1>\t\t\t\t<\/div>\n\t\t\t\t<\/div>\n\t\t\t\t<div class=\"elementor-element elementor-element-ec12ed3 elementor-invisible elementor-widget elementor-widget-heading\" data-id=\"ec12ed3\" data-element_type=\"widget\" data-e-type=\"widget\" data-settings=\"{&quot;_animation&quot;:&quot;slideInRight&quot;}\" data-widget_type=\"heading.default\">\n\t\t\t\t<div class=\"elementor-widget-container\">\n\t\t\t\t\t<h1 class=\"elementor-heading-title elementor-size-default\">BETHANY SQUARE<\/h1>\t\t\t\t<\/div>\n\t\t\t\t<\/div>\n\t\t\t\t<div class=\"elementor-element elementor-element-5f05f0e elementor-mobile-align-left elementor-align-left elementor-invisible elementor-widget elementor-widget-button\" data-id=\"5f05f0e\" data-element_type=\"widget\" data-e-type=\"widget\" data-settings=\"{&quot;_animation&quot;:&quot;zoomIn&quot;}\" data-widget_type=\"button.default\">\n\t\t\t\t<div class=\"elementor-widget-container\">\n\t\t\t\t\t\t\t\t\t<div class=\"elementor-button-wrapper\">\n\t\t\t\t\t<a class=\"elementor-button elementor-button-link elementor-size-lg\" href=\"tel:514-239-9859\" target=\"_blank\">\n\t\t\t\t\t\t<span class=\"elementor-button-content-wrapper\">\n\t\t\t\t\t\t<span class=\"elementor-button-icon\">\n\t\t\t\t<i aria-hidden=\"true\" class=\"fas fa-phone-alt\"><\/i>\t\t\t<\/span>\n\t\t\t\t\t\t\t\t\t<span class=\"elementor-button-text\">514-239-9859<\/span>\n\t\t\t\t\t<\/span>\n\t\t\t\t\t<\/a>\n\t\t\t\t<\/div>\n\t\t\t\t\t\t\t\t<\/div>\n\t\t\t\t<\/div>\n\t\t\t\t\t<\/div>\n\t\t<\/div>\n\t\t\t\t\t<\/div>\n\t\t<\/section>\n\t\t\t\t<section class=\"elementor-section elementor-top-section elementor-element elementor-element-a79b198 elementor-section-boxed elementor-section-height-default elementor-section-height-default\" data-id=\"a79b198\" data-element_type=\"section\" data-e-type=\"section\" data-settings=\"{&quot;background_background&quot;:&quot;classic&quot;}\">\n\t\t\t\t\t\t\t<div class=\"elementor-background-overlay\"><\/div>\n\t\t\t\t\t\t\t<div class=\"elementor-container elementor-column-gap-default\">\n\t\t\t\t\t<div class=\"elementor-column elementor-col-100 elementor-top-column elementor-element elementor-element-c3653e9\" data-id=\"c3653e9\" data-element_type=\"column\" data-e-type=\"column\">\n\t\t\t<div class=\"elementor-widget-wrap elementor-element-populated\">\n\t\t\t\t\t\t<div class=\"elementor-element elementor-element-9cb1b5f elementor-widget elementor-widget-spacer\" data-id=\"9cb1b5f\" data-element_type=\"widget\" data-e-type=\"widget\" data-widget_type=\"spacer.default\">\n\t\t\t\t<div class=\"elementor-widget-container\">\n\t\t\t\t\t\t\t<div class=\"elementor-spacer\">\n\t\t\t<div class=\"elementor-spacer-inner\"><\/div>\n\t\t<\/div>\n\t\t\t\t\t\t<\/div>\n\t\t\t\t<\/div>\n\t\t\t\t\t<\/div>\n\t\t<\/div>\n\t\t\t\t\t<\/div>\n\t\t<\/section>\n\t\t\t\t<section class=\"elementor-section elementor-top-section elementor-element elementor-element-7ad052a elementor-section-boxed elementor-section-height-default elementor-section-height-default\" data-id=\"7ad052a\" data-element_type=\"section\" data-e-type=\"section\" data-settings=\"{&quot;background_background&quot;:&quot;classic&quot;}\">\n\t\t\t\t\t\t\t<div class=\"elementor-background-overlay\"><\/div>\n\t\t\t\t\t\t\t<div class=\"elementor-container elementor-column-gap-default\">\n\t\t\t\t\t<div class=\"elementor-column elementor-col-100 elementor-top-column elementor-element elementor-element-b5b7575\" data-id=\"b5b7575\" data-element_type=\"column\" data-e-type=\"column\">\n\t\t\t<div class=\"elementor-widget-wrap elementor-element-populated\">\n\t\t\t\t\t\t<div class=\"elementor-element elementor-element-3807c78 elementor-invisible elementor-widget elementor-widget-text-editor\" data-id=\"3807c78\" data-element_type=\"widget\" data-e-type=\"widget\" data-settings=\"{&quot;_animation&quot;:&quot;zoomIn&quot;}\" data-widget_type=\"text-editor.default\">\n\t\t\t\t<div class=\"elementor-widget-container\">\n\t\t\t\t\t\t\t\t\t<div><p><b>Commercial and multi-housing<\/b><\/p><h2 class=\"elementor-heading-title elementor-size-default\">\u00a085% sold - ONLY (3) commercial lots available!<\/h2><\/div>\t\t\t\t\t\t\t\t<\/div>\n\t\t\t\t<\/div>\n\t\t\t\t<div class=\"elementor-element elementor-element-e376c03 elementor-widget elementor-widget-spacer\" data-id=\"e376c03\" data-element_type=\"widget\" data-e-type=\"widget\" data-widget_type=\"spacer.default\">\n\t\t\t\t<div class=\"elementor-widget-container\">\n\t\t\t\t\t\t\t<div class=\"elementor-spacer\">\n\t\t\t<div class=\"elementor-spacer-inner\"><\/div>\n\t\t<\/div>\n\t\t\t\t\t\t<\/div>\n\t\t\t\t<\/div>\n\t\t\t\t\t<\/div>\n\t\t<\/div>\n\t\t\t\t\t<\/div>\n\t\t<\/section>\n\t\t\t\t<section class=\"elementor-section elementor-top-section elementor-element elementor-element-2eb0ed5 elementor-section-boxed elementor-section-height-default elementor-section-height-default\" data-id=\"2eb0ed5\" data-element_type=\"section\" data-e-type=\"section\">\n\t\t\t\t\t\t<div class=\"elementor-container elementor-column-gap-default\">\n\t\t\t\t\t<div class=\"elementor-column elementor-col-50 elementor-top-column elementor-element elementor-element-418620a\" data-id=\"418620a\" data-element_type=\"column\" data-e-type=\"column\">\n\t\t\t<div class=\"elementor-widget-wrap elementor-element-populated\">\n\t\t\t\t\t\t<div class=\"elementor-element elementor-element-e8cf1c0 elementor-invisible elementor-widget elementor-widget-heading\" data-id=\"e8cf1c0\" data-element_type=\"widget\" data-e-type=\"widget\" data-settings=\"{&quot;_animation&quot;:&quot;zoomIn&quot;}\" data-widget_type=\"heading.default\">\n\t\t\t\t<div class=\"elementor-widget-container\">\n\t\t\t\t\t<h2 class=\"elementor-heading-title elementor-size-default\">commercial and multi-housing <\/h2>\t\t\t\t<\/div>\n\t\t\t\t<\/div>\n\t\t\t\t<div class=\"elementor-element elementor-element-5b512de elementor-invisible elementor-widget elementor-widget-heading\" data-id=\"5b512de\" data-element_type=\"widget\" data-e-type=\"widget\" data-settings=\"{&quot;_animation&quot;:&quot;zoomIn&quot;}\" data-widget_type=\"heading.default\">\n\t\t\t\t<div class=\"elementor-widget-container\">\n\t\t\t\t\t<h2 class=\"elementor-heading-title elementor-size-default\">Argenteuil sector<\/h2>\t\t\t\t<\/div>\n\t\t\t\t<\/div>\n\t\t\t\t<div class=\"elementor-element elementor-element-e285d8d elementor-widget-divider--view-line elementor-invisible elementor-widget elementor-widget-divider\" data-id=\"e285d8d\" data-element_type=\"widget\" data-e-type=\"widget\" data-settings=\"{&quot;_animation&quot;:&quot;zoomIn&quot;}\" data-widget_type=\"divider.default\">\n\t\t\t\t<div class=\"elementor-widget-container\">\n\t\t\t\t\t\t\t<div class=\"elementor-divider\">\n\t\t\t<span class=\"elementor-divider-separator\">\n\t\t\t\t\t\t<\/span>\n\t\t<\/div>\n\t\t\t\t\t\t<\/div>\n\t\t\t\t<\/div>\n\t\t\t\t<div class=\"elementor-element elementor-element-965ee95 elementor-invisible elementor-widget elementor-widget-text-editor\" data-id=\"965ee95\" data-element_type=\"widget\" data-e-type=\"widget\" data-settings=\"{&quot;_animation&quot;:&quot;zoomIn&quot;}\" data-widget_type=\"text-editor.default\">\n\t\t\t\t<div class=\"elementor-widget-container\">\n\t\t\t\t\t\t\t\t\t<p class=\"translation-block\"><strong>Major project located at the entrance to the City of Lachute<\/strong> (Bethany exit from Highway 50) next to Walmart, IGA Albert, the SAQ and Carrefour d\u2019Argenteuil, Patrick Morin, Microtel Hotel, Veterinary Clinic, Daycare and brand new multi-unit rental projects.<\/p><p class=\"translation-block\">Master plan combining a commercial sector and a residential sector of more than 800 units of varied multi-unit housing, currently under construction. RESIDENTIAL \u2013 5 and 6-story apartment buildings (rental units): 3 1\/2- 4 1\/2-5 1\/2 \u2013 <br>Units available.<\/p><div class=\"elementor-widget-container translation-block\"><strong>COMMERCIAL:<\/strong> <strong>ONLY<\/strong><b> (3) LANDS AVAILABLE FOR SALE OR SPACES FOR RENT!<\/b>INQUIRE!<br><br><strong>RENTAL CONDOS:<br><\/strong>The Walker Complex: <span style=\"text-decoration: underline\"><a href=\"https:\/\/www.lesinvestissementsblue.com\/\" target=\"_blank\" rel=\"noopener\">lesinvestissementsblue.com<\/a><\/span><\/div>\t\t\t\t\t\t\t\t<\/div>\n\t\t\t\t<\/div>\n\t\t\t\t\t<\/div>\n\t\t<\/div>\n\t\t\t\t<div class=\"elementor-column elementor-col-50 elementor-top-column elementor-element elementor-element-2d4e650 elementor-invisible\" data-id=\"2d4e650\" data-element_type=\"column\" data-e-type=\"column\" data-settings=\"{&quot;animation&quot;:&quot;zoomIn&quot;}\">\n\t\t\t<div class=\"elementor-widget-wrap elementor-element-populated\">\n\t\t\t\t\t\t<div class=\"elementor-element elementor-element-6d65eb3 elementor-widget-divider--view-line elementor-widget elementor-widget-divider\" data-id=\"6d65eb3\" data-element_type=\"widget\" data-e-type=\"widget\" data-widget_type=\"divider.default\">\n\t\t\t\t<div class=\"elementor-widget-container\">\n\t\t\t\t\t\t\t<div class=\"elementor-divider\">\n\t\t\t<span class=\"elementor-divider-separator\">\n\t\t\t\t\t\t<\/span>\n\t\t<\/div>\n\t\t\t\t\t\t<\/div>\n\t\t\t\t<\/div>\n\t\t\t\t<div class=\"elementor-element elementor-element-6739262 elementor-widget elementor-widget-image\" data-id=\"6739262\" data-element_type=\"widget\" data-e-type=\"widget\" data-widget_type=\"image.default\">\n\t\t\t\t<div class=\"elementor-widget-container\">\n\t\t\t\t\t\t\t\t\t\t\t\t\t\t\t<img fetchpriority=\"high\" decoding=\"async\" width=\"1024\" height=\"576\" src=\"https:\/\/venteterrainrivenord.com\/wp-content\/uploads\/2023\/05\/projet-Bethany-1024x576.jpg\" class=\"attachment-large size-large wp-image-749\" alt=\"IQ QUATTRO-vente-terrains-commercial-Lachute\" srcset=\"https:\/\/venteterrainrivenord.com\/wp-content\/uploads\/2023\/05\/projet-Bethany-1024x576.jpg 1024w, https:\/\/venteterrainrivenord.com\/wp-content\/uploads\/2023\/05\/projet-Bethany-300x169.jpg 300w, https:\/\/venteterrainrivenord.com\/wp-content\/uploads\/2023\/05\/projet-Bethany-768x432.jpg 768w, https:\/\/venteterrainrivenord.com\/wp-content\/uploads\/2023\/05\/projet-Bethany-18x10.jpg 18w, https:\/\/venteterrainrivenord.com\/wp-content\/uploads\/2023\/05\/projet-Bethany.jpg 1198w\" sizes=\"(max-width: 1024px) 100vw, 1024px\" \/>\t\t\t\t\t\t\t\t\t\t\t\t\t\t\t<\/div>\n\t\t\t\t<\/div>\n\t\t\t\t<div class=\"elementor-element elementor-element-f1f7c0c elementor-invisible elementor-widget elementor-widget-heading\" data-id=\"f1f7c0c\" data-element_type=\"widget\" data-e-type=\"widget\" data-settings=\"{&quot;_animation&quot;:&quot;zoomIn&quot;}\" data-widget_type=\"heading.default\">\n\t\t\t\t<div class=\"elementor-widget-container\">\n\t\t\t\t\t<h2 class=\"elementor-heading-title elementor-size-default\">Don't miss this opportunity<\/h2>\t\t\t\t<\/div>\n\t\t\t\t<\/div>\n\t\t\t\t<div class=\"elementor-element elementor-element-d5941f4 elementor-mobile-align-center elementor-align-center elementor-invisible elementor-widget elementor-widget-button\" data-id=\"d5941f4\" data-element_type=\"widget\" data-e-type=\"widget\" data-settings=\"{&quot;_animation&quot;:&quot;zoomIn&quot;}\" data-widget_type=\"button.default\">\n\t\t\t\t<div class=\"elementor-widget-container\">\n\t\t\t\t\t\t\t\t\t<div class=\"elementor-button-wrapper\">\n\t\t\t\t\t<a class=\"elementor-button elementor-button-link elementor-size-lg\" href=\"tel:514-239-9859\" target=\"_blank\">\n\t\t\t\t\t\t<span class=\"elementor-button-content-wrapper\">\n\t\t\t\t\t\t<span class=\"elementor-button-icon\">\n\t\t\t\t<i aria-hidden=\"true\" class=\"fas fa-phone-alt\"><\/i>\t\t\t<\/span>\n\t\t\t\t\t\t\t\t\t<span class=\"elementor-button-text\">514-239-9859<\/span>\n\t\t\t\t\t<\/span>\n\t\t\t\t\t<\/a>\n\t\t\t\t<\/div>\n\t\t\t\t\t\t\t\t<\/div>\n\t\t\t\t<\/div>\n\t\t\t\t\t<\/div>\n\t\t<\/div>\n\t\t\t\t\t<\/div>\n\t\t<\/section>\n\t\t\t\t<section class=\"elementor-section elementor-top-section elementor-element elementor-element-82a91ab elementor-section-boxed elementor-section-height-default elementor-section-height-default\" data-id=\"82a91ab\" data-element_type=\"section\" data-e-type=\"section\">\n\t\t\t\t\t\t<div class=\"elementor-container elementor-column-gap-default\">\n\t\t\t\t\t<div class=\"elementor-column elementor-col-100 elementor-top-column elementor-element elementor-element-8ba3e68 elementor-invisible\" data-id=\"8ba3e68\" data-element_type=\"column\" data-e-type=\"column\" data-settings=\"{&quot;animation&quot;:&quot;zoomIn&quot;}\">\n\t\t\t<div class=\"elementor-widget-wrap elementor-element-populated\">\n\t\t\t\t\t\t<div class=\"elementor-element elementor-element-9784328 elementor-widget-divider--view-line elementor-widget elementor-widget-divider\" data-id=\"9784328\" data-element_type=\"widget\" data-e-type=\"widget\" data-widget_type=\"divider.default\">\n\t\t\t\t<div class=\"elementor-widget-container\">\n\t\t\t\t\t\t\t<div class=\"elementor-divider\">\n\t\t\t<span class=\"elementor-divider-separator\">\n\t\t\t\t\t\t<\/span>\n\t\t<\/div>\n\t\t\t\t\t\t<\/div>\n\t\t\t\t<\/div>\n\t\t\t\t\t<\/div>\n\t\t<\/div>\n\t\t\t\t\t<\/div>\n\t\t<\/section>\n\t\t\t\t<section class=\"elementor-section elementor-top-section elementor-element elementor-element-a72326c elementor-section-full_width elementor-section-height-default elementor-section-height-default\" data-id=\"a72326c\" data-element_type=\"section\" data-e-type=\"section\">\n\t\t\t\t\t\t<div class=\"elementor-container elementor-column-gap-default\">\n\t\t\t\t\t<div class=\"elementor-column elementor-col-50 elementor-top-column elementor-element elementor-element-da6e5dd\" data-id=\"da6e5dd\" data-element_type=\"column\" data-e-type=\"column\">\n\t\t\t<div class=\"elementor-widget-wrap elementor-element-populated\">\n\t\t\t\t\t\t<div class=\"elementor-element elementor-element-448d160 elementor-widget elementor-widget-image\" data-id=\"448d160\" data-element_type=\"widget\" data-e-type=\"widget\" data-widget_type=\"image.default\">\n\t\t\t\t<div class=\"elementor-widget-container\">\n\t\t\t\t\t\t\t\t\t\t\t\t\t\t\t\t<a href=\"https:\/\/venteterrainrivenord.com\/wp-content\/uploads\/2023\/05\/PLAN-BETHANY2.jpg\" data-elementor-open-lightbox=\"yes\" data-elementor-lightbox-title=\"Created with GIMP\" data-e-action-hash=\"#elementor-action%3Aaction%3Dlightbox%26settings%3DeyJpZCI6NzYxLCJ1cmwiOiJodHRwczpcL1wvdmVudGV0ZXJyYWlucml2ZW5vcmQuY29tXC93cC1jb250ZW50XC91cGxvYWRzXC8yMDIzXC8wNVwvUExBTi1CRVRIQU5ZMi5qcGcifQ%3D%3D\">\n\t\t\t\t\t\t\t<img decoding=\"async\" width=\"984\" height=\"831\" src=\"https:\/\/venteterrainrivenord.com\/wp-content\/uploads\/2023\/05\/PLAN-BETHANY2.jpg\" class=\"attachment-large size-large wp-image-761\" alt=\"IQ QUATTRO-vente-terrains-Lachute\" srcset=\"https:\/\/venteterrainrivenord.com\/wp-content\/uploads\/2023\/05\/PLAN-BETHANY2.jpg 984w, https:\/\/venteterrainrivenord.com\/wp-content\/uploads\/2023\/05\/PLAN-BETHANY2-300x253.jpg 300w, https:\/\/venteterrainrivenord.com\/wp-content\/uploads\/2023\/05\/PLAN-BETHANY2-768x649.jpg 768w, https:\/\/venteterrainrivenord.com\/wp-content\/uploads\/2023\/05\/PLAN-BETHANY2-14x12.jpg 14w\" sizes=\"(max-width: 984px) 100vw, 984px\" \/>\t\t\t\t\t\t\t\t<\/a>\n\t\t\t\t\t\t\t\t\t\t\t\t\t\t\t<\/div>\n\t\t\t\t<\/div>\n\t\t\t\t\t<\/div>\n\t\t<\/div>\n\t\t\t\t<div class=\"elementor-column elementor-col-50 elementor-top-column elementor-element elementor-element-60944a3\" data-id=\"60944a3\" data-element_type=\"column\" data-e-type=\"column\">\n\t\t\t<div class=\"elementor-widget-wrap elementor-element-populated\">\n\t\t\t\t\t\t<div class=\"elementor-element elementor-element-595e5b9 elementor-widget elementor-widget-image\" data-id=\"595e5b9\" data-element_type=\"widget\" data-e-type=\"widget\" data-widget_type=\"image.default\">\n\t\t\t\t<div class=\"elementor-widget-container\">\n\t\t\t\t\t\t\t\t\t\t\t\t\t\t\t\t<a href=\"https:\/\/venteterrainrivenord.com\/wp-content\/uploads\/2023\/05\/PLAN-BETHANY1.jpg\" data-elementor-open-lightbox=\"yes\" data-elementor-lightbox-title=\"Created with GIMP\" data-e-action-hash=\"#elementor-action%3Aaction%3Dlightbox%26settings%3DeyJpZCI6NzYwLCJ1cmwiOiJodHRwczpcL1wvdmVudGV0ZXJyYWlucml2ZW5vcmQuY29tXC93cC1jb250ZW50XC91cGxvYWRzXC8yMDIzXC8wNVwvUExBTi1CRVRIQU5ZMS5qcGcifQ%3D%3D\">\n\t\t\t\t\t\t\t<img decoding=\"async\" width=\"984\" height=\"831\" src=\"https:\/\/venteterrainrivenord.com\/wp-content\/uploads\/2023\/05\/PLAN-BETHANY1.jpg\" class=\"attachment-large size-large wp-image-760\" alt=\"IQ QUATTRO-vente-terrains-Lachute\" srcset=\"https:\/\/venteterrainrivenord.com\/wp-content\/uploads\/2023\/05\/PLAN-BETHANY1.jpg 984w, https:\/\/venteterrainrivenord.com\/wp-content\/uploads\/2023\/05\/PLAN-BETHANY1-300x253.jpg 300w, https:\/\/venteterrainrivenord.com\/wp-content\/uploads\/2023\/05\/PLAN-BETHANY1-768x649.jpg 768w, https:\/\/venteterrainrivenord.com\/wp-content\/uploads\/2023\/05\/PLAN-BETHANY1-14x12.jpg 14w\" sizes=\"(max-width: 984px) 100vw, 984px\" \/>\t\t\t\t\t\t\t\t<\/a>\n\t\t\t\t\t\t\t\t\t\t\t\t\t\t\t<\/div>\n\t\t\t\t<\/div>\n\t\t\t\t\t<\/div>\n\t\t<\/div>\n\t\t\t\t\t<\/div>\n\t\t<\/section>\n\t\t\t\t<section class=\"elementor-section elementor-top-section elementor-element elementor-element-dc3e3c4 elementor-section-full_width elementor-section-height-default elementor-section-height-default\" data-id=\"dc3e3c4\" data-element_type=\"section\" data-e-type=\"section\">\n\t\t\t\t\t\t<div class=\"elementor-container elementor-column-gap-default\">\n\t\t\t\t\t<div class=\"elementor-column elementor-col-100 elementor-top-column elementor-element elementor-element-4fcf0e4\" data-id=\"4fcf0e4\" data-element_type=\"column\" data-e-type=\"column\">\n\t\t\t<div class=\"elementor-widget-wrap elementor-element-populated\">\n\t\t\t\t\t\t<div class=\"elementor-element elementor-element-a745aab elementor-widget elementor-widget-google_maps\" data-id=\"a745aab\" data-element_type=\"widget\" data-e-type=\"widget\" data-widget_type=\"google_maps.default\">\n\t\t\t\t<div class=\"elementor-widget-container\">\n\t\t\t\t\t\t\t<div class=\"elementor-custom-embed\">\n\t\t\t<iframe loading=\"lazy\"\n\t\t\t\t\tsrc=\"https:\/\/maps.google.com\/maps?q=Av%20B%C3%A9thany%2C%20350%2C%20Lachute%2C%20Quebec%2C%20Canada&#038;t=m&#038;z=10&#038;output=embed&#038;iwloc=near\"\n\t\t\t\t\ttitle=\"Av B\u00e9thany, 350, Lachute, Quebec, Canada\"\n\t\t\t\t\taria-label=\"Av B\u00e9thany, 350, Lachute, Quebec, Canada\"\n\t\t\t><\/iframe>\n\t\t<\/div>\n\t\t\t\t\t\t<\/div>\n\t\t\t\t<\/div>\n\t\t\t\t\t<\/div>\n\t\t<\/div>\n\t\t\t\t\t<\/div>\n\t\t<\/section>\n\t\t\t\t<\/div>","protected":false},"excerpt":{"rendered":"<p>TERRAINS \u00c0 VENDRE COMMERCIAL ET MULTI LOGEMENT \u00c0 LACHUTE CARR\u00c9 BETHANY SQUARE 514-239-9859 Commercial et multi logement \u00a085% vendus- SEULEMENT (3) terrains commercial disponibles! commercial et multi logement secteur Argenteuil Projet d\u2019envergure situ\u00e9 \u00e0 l\u2019entr\u00e9e de la Ville de Lachute (sortie Bethany de l\u2019autoroute 50) \u00e0 c\u00f4t\u00e9 du Walmart, IGA Albert, de la SAQ et&hellip;&nbsp;<a href=\"https:\/\/venteterrainrivenord.com\/en\/terrain-a-vendre-lachute-bethany-square\/\" rel=\"bookmark\">Read More &raquo;<span class=\"screen-reader-text\">terrain \u00e0 vendre commercial, bethany square, lachute<\/span><\/a><\/p>","protected":false},"author":1,"featured_media":0,"parent":0,"menu_order":0,"comment_status":"closed","ping_status":"closed","template":"page-templates\/template-pagebuilder-full-width.php","meta":{"om_disable_all_campaigns":false,"_monsterinsights_skip_tracking":false,"_monsterinsights_sitenote_active":false,"_monsterinsights_sitenote_note":"","_monsterinsights_sitenote_category":0,"neve_meta_sidebar":"","neve_meta_container":"","neve_meta_enable_content_width":"off","neve_meta_content_width":70,"neve_meta_title_alignment":"left","neve_meta_author_avatar":"","neve_post_elements_order":"","neve_meta_disable_header":"","neve_meta_disable_footer":"","neve_meta_disable_title":"on","neve_meta_reading_time":"","footnotes":""},"class_list":["post-1810","page","type-page","status-publish","hentry"],"aioseo_notices":[],"_links":{"self":[{"href":"https:\/\/venteterrainrivenord.com\/en\/wp-json\/wp\/v2\/pages\/1810","targetHints":{"allow":["GET"]}}],"collection":[{"href":"https:\/\/venteterrainrivenord.com\/en\/wp-json\/wp\/v2\/pages"}],"about":[{"href":"https:\/\/venteterrainrivenord.com\/en\/wp-json\/wp\/v2\/types\/page"}],"author":[{"embeddable":true,"href":"https:\/\/venteterrainrivenord.com\/en\/wp-json\/wp\/v2\/users\/1"}],"replies":[{"embeddable":true,"href":"https:\/\/venteterrainrivenord.com\/en\/wp-json\/wp\/v2\/comments?post=1810"}],"version-history":[{"count":43,"href":"https:\/\/venteterrainrivenord.com\/en\/wp-json\/wp\/v2\/pages\/1810\/revisions"}],"predecessor-version":[{"id":2033,"href":"https:\/\/venteterrainrivenord.com\/en\/wp-json\/wp\/v2\/pages\/1810\/revisions\/2033"}],"wp:attachment":[{"href":"https:\/\/venteterrainrivenord.com\/en\/wp-json\/wp\/v2\/media?parent=1810"}],"curies":[{"name":"wp","href":"https:\/\/api.w.org\/{rel}","templated":true}]}}