{"id":1870,"date":"2025-05-05T10:12:55","date_gmt":"2025-05-05T14:12:55","guid":{"rendered":"https:\/\/venteterrainrivenord.com\/?page_id=1870"},"modified":"2025-05-05T10:23:14","modified_gmt":"2025-05-05T14:23:14","slug":"terrain-a-vendre-terrain-lac-des-becs-scie","status":"publish","type":"page","link":"https:\/\/venteterrainrivenord.com\/en\/terrain-a-vendre-terrain-lac-des-becs-scie\/","title":{"rendered":"terrain \u00e0 vendre Lac des Becs-Scie"},"content":{"rendered":"<div data-elementor-type=\"wp-page\" data-elementor-id=\"1870\" class=\"elementor elementor-1870\">\n\t\t\t\t\t\t<section class=\"elementor-section elementor-top-section elementor-element elementor-element-81e06e6 elementor-section-height-min-height elementor-section-boxed elementor-section-height-default elementor-section-items-middle\" data-id=\"81e06e6\" data-element_type=\"section\" data-e-type=\"section\" data-settings=\"{&quot;background_background&quot;:&quot;classic&quot;}\">\n\t\t\t\t\t\t\t<div class=\"elementor-background-overlay\"><\/div>\n\t\t\t\t\t\t\t<div class=\"elementor-container elementor-column-gap-default\">\n\t\t\t\t\t<div class=\"elementor-column elementor-col-100 elementor-top-column elementor-element elementor-element-212a946\" data-id=\"212a946\" data-element_type=\"column\" data-e-type=\"column\">\n\t\t\t<div class=\"elementor-widget-wrap elementor-element-populated\">\n\t\t\t\t\t\t<div class=\"elementor-element elementor-element-14257b3 elementor-widget__width-initial elementor-widget-mobile__width-initial elementor-invisible elementor-widget elementor-widget-heading\" data-id=\"14257b3\" data-element_type=\"widget\" data-e-type=\"widget\" data-settings=\"{&quot;_animation&quot;:&quot;slideInRight&quot;}\" data-widget_type=\"heading.default\">\n\t\t\t\t<div class=\"elementor-widget-container\">\n\t\t\t\t\t<h1 class=\"elementor-heading-title elementor-size-default\">TERRAIN \u00c0 VENDRE DOMAINE PRIV\u00c9<\/h1>\t\t\t\t<\/div>\n\t\t\t\t<\/div>\n\t\t\t\t<div class=\"elementor-element elementor-element-ec12ed3 elementor-invisible elementor-widget elementor-widget-heading\" data-id=\"ec12ed3\" data-element_type=\"widget\" data-e-type=\"widget\" data-settings=\"{&quot;_animation&quot;:&quot;slideInRight&quot;}\" data-widget_type=\"heading.default\">\n\t\t\t\t<div class=\"elementor-widget-container\">\n\t\t\t\t\t<h1 class=\"elementor-heading-title elementor-size-default\">LAC DES BECS-SCIE<\/h1>\t\t\t\t<\/div>\n\t\t\t\t<\/div>\n\t\t\t\t<div class=\"elementor-element elementor-element-5f05f0e elementor-mobile-align-left elementor-align-left elementor-invisible elementor-widget elementor-widget-button\" data-id=\"5f05f0e\" data-element_type=\"widget\" data-e-type=\"widget\" data-settings=\"{&quot;_animation&quot;:&quot;zoomIn&quot;}\" data-widget_type=\"button.default\">\n\t\t\t\t<div class=\"elementor-widget-container\">\n\t\t\t\t\t\t\t\t\t<div class=\"elementor-button-wrapper\">\n\t\t\t\t\t<a class=\"elementor-button elementor-button-link elementor-size-lg\" href=\"tel:514-239-9859\" target=\"_blank\">\n\t\t\t\t\t\t<span class=\"elementor-button-content-wrapper\">\n\t\t\t\t\t\t<span class=\"elementor-button-icon\">\n\t\t\t\t<i aria-hidden=\"true\" class=\"fas fa-phone-alt\"><\/i>\t\t\t<\/span>\n\t\t\t\t\t\t\t\t\t<span class=\"elementor-button-text\">514-239-9859<\/span>\n\t\t\t\t\t<\/span>\n\t\t\t\t\t<\/a>\n\t\t\t\t<\/div>\n\t\t\t\t\t\t\t\t<\/div>\n\t\t\t\t<\/div>\n\t\t\t\t\t<\/div>\n\t\t<\/div>\n\t\t\t\t\t<\/div>\n\t\t<\/section>\n\t\t\t\t<section class=\"elementor-section elementor-top-section elementor-element elementor-element-a79b198 elementor-section-boxed elementor-section-height-default elementor-section-height-default\" data-id=\"a79b198\" data-element_type=\"section\" data-e-type=\"section\" data-settings=\"{&quot;background_background&quot;:&quot;classic&quot;}\">\n\t\t\t\t\t\t\t<div class=\"elementor-background-overlay\"><\/div>\n\t\t\t\t\t\t\t<div class=\"elementor-container elementor-column-gap-default\">\n\t\t\t\t\t<div class=\"elementor-column elementor-col-100 elementor-top-column elementor-element elementor-element-c3653e9\" data-id=\"c3653e9\" data-element_type=\"column\" data-e-type=\"column\">\n\t\t\t<div class=\"elementor-widget-wrap elementor-element-populated\">\n\t\t\t\t\t\t<div class=\"elementor-element elementor-element-9cb1b5f elementor-widget elementor-widget-spacer\" data-id=\"9cb1b5f\" data-element_type=\"widget\" data-e-type=\"widget\" data-widget_type=\"spacer.default\">\n\t\t\t\t<div class=\"elementor-widget-container\">\n\t\t\t\t\t\t\t<div class=\"elementor-spacer\">\n\t\t\t<div class=\"elementor-spacer-inner\"><\/div>\n\t\t<\/div>\n\t\t\t\t\t\t<\/div>\n\t\t\t\t<\/div>\n\t\t\t\t\t<\/div>\n\t\t<\/div>\n\t\t\t\t\t<\/div>\n\t\t<\/section>\n\t\t\t\t<section class=\"elementor-section elementor-top-section elementor-element elementor-element-7ad052a elementor-section-boxed elementor-section-height-default elementor-section-height-default\" data-id=\"7ad052a\" data-element_type=\"section\" data-e-type=\"section\" data-settings=\"{&quot;background_background&quot;:&quot;classic&quot;}\">\n\t\t\t\t\t\t\t<div class=\"elementor-background-overlay\"><\/div>\n\t\t\t\t\t\t\t<div class=\"elementor-container elementor-column-gap-default\">\n\t\t\t\t\t<div class=\"elementor-column elementor-col-100 elementor-top-column elementor-element elementor-element-b5b7575\" data-id=\"b5b7575\" data-element_type=\"column\" data-e-type=\"column\">\n\t\t\t<div class=\"elementor-widget-wrap elementor-element-populated\">\n\t\t\t\t\t\t<div class=\"elementor-element elementor-element-3807c78 elementor-invisible elementor-widget elementor-widget-text-editor\" data-id=\"3807c78\" data-element_type=\"widget\" data-e-type=\"widget\" data-settings=\"{&quot;_animation&quot;:&quot;zoomIn&quot;}\" data-widget_type=\"text-editor.default\">\n\t\t\t\t<div class=\"elementor-widget-container\">\n\t\t\t\t\t\t\t\t\t<div><p><b>Domaine priv\u00e9<\/b><\/p><h3 class=\"elementor-heading-title elementor-size-default\">Large mountain lots ready for your construction!<\/h3><\/div>\t\t\t\t\t\t\t\t<\/div>\n\t\t\t\t<\/div>\n\t\t\t\t<div class=\"elementor-element elementor-element-e376c03 elementor-widget elementor-widget-spacer\" data-id=\"e376c03\" data-element_type=\"widget\" data-e-type=\"widget\" data-widget_type=\"spacer.default\">\n\t\t\t\t<div class=\"elementor-widget-container\">\n\t\t\t\t\t\t\t<div class=\"elementor-spacer\">\n\t\t\t<div class=\"elementor-spacer-inner\"><\/div>\n\t\t<\/div>\n\t\t\t\t\t\t<\/div>\n\t\t\t\t<\/div>\n\t\t\t\t\t<\/div>\n\t\t<\/div>\n\t\t\t\t\t<\/div>\n\t\t<\/section>\n\t\t\t\t<section class=\"elementor-section elementor-top-section elementor-element elementor-element-2eb0ed5 elementor-section-boxed elementor-section-height-default elementor-section-height-default\" data-id=\"2eb0ed5\" data-element_type=\"section\" data-e-type=\"section\">\n\t\t\t\t\t\t<div class=\"elementor-container elementor-column-gap-default\">\n\t\t\t\t\t<div class=\"elementor-column elementor-col-50 elementor-top-column elementor-element elementor-element-418620a\" data-id=\"418620a\" data-element_type=\"column\" data-e-type=\"column\">\n\t\t\t<div class=\"elementor-widget-wrap elementor-element-populated\">\n\t\t\t\t\t\t<div class=\"elementor-element elementor-element-5b512de elementor-invisible elementor-widget elementor-widget-heading\" data-id=\"5b512de\" data-element_type=\"widget\" data-e-type=\"widget\" data-settings=\"{&quot;_animation&quot;:&quot;zoomIn&quot;}\" data-widget_type=\"heading.default\">\n\t\t\t\t<div class=\"elementor-widget-container\">\n\t\t\t\t\t<h2 class=\"elementor-heading-title elementor-size-default\">proximit\u00e9 de Saint-Sauveur<\/h2>\t\t\t\t<\/div>\n\t\t\t\t<\/div>\n\t\t\t\t<div class=\"elementor-element elementor-element-e285d8d elementor-widget-divider--view-line elementor-invisible elementor-widget elementor-widget-divider\" data-id=\"e285d8d\" data-element_type=\"widget\" data-e-type=\"widget\" data-settings=\"{&quot;_animation&quot;:&quot;zoomIn&quot;}\" data-widget_type=\"divider.default\">\n\t\t\t\t<div class=\"elementor-widget-container\">\n\t\t\t\t\t\t\t<div class=\"elementor-divider\">\n\t\t\t<span class=\"elementor-divider-separator\">\n\t\t\t\t\t\t<\/span>\n\t\t<\/div>\n\t\t\t\t\t\t<\/div>\n\t\t\t\t<\/div>\n\t\t\t\t<div class=\"elementor-element elementor-element-965ee95 elementor-invisible elementor-widget elementor-widget-text-editor\" data-id=\"965ee95\" data-element_type=\"widget\" data-e-type=\"widget\" data-settings=\"{&quot;_animation&quot;:&quot;zoomIn&quot;}\" data-widget_type=\"text-editor.default\">\n\t\t\t\t<div class=\"elementor-widget-container\">\n\t\t\t\t\t\t\t\t\t<p>&#8211;<strong>Domaine priv\u00e9 \u00e0 vendre<\/strong> ou pour subdivision de 2 ou 3 lots<br \/>&#8211;<strong>Terrain sans services<\/strong>, pr\u00eat \u00e0 b\u00e2tir de 257 200pi2 avec servitude d\u2019acc\u00e8s au Lac des Becs-Scie.<br \/>&#8211;<strong>Land Lac des Becs-Scie<\/strong>, St-Sauveur \u00e0 moins de 10 minutes du centre-ville de St-Sauveur.<\/p>\t\t\t\t\t\t\t\t<\/div>\n\t\t\t\t<\/div>\n\t\t\t\t\t<\/div>\n\t\t<\/div>\n\t\t\t\t<div class=\"elementor-column elementor-col-50 elementor-top-column elementor-element elementor-element-2d4e650 elementor-invisible\" data-id=\"2d4e650\" data-element_type=\"column\" data-e-type=\"column\" data-settings=\"{&quot;animation&quot;:&quot;zoomIn&quot;}\">\n\t\t\t<div class=\"elementor-widget-wrap elementor-element-populated\">\n\t\t\t\t\t\t<div class=\"elementor-element elementor-element-6d65eb3 elementor-widget-divider--view-line elementor-widget elementor-widget-divider\" data-id=\"6d65eb3\" data-element_type=\"widget\" data-e-type=\"widget\" data-widget_type=\"divider.default\">\n\t\t\t\t<div class=\"elementor-widget-container\">\n\t\t\t\t\t\t\t<div class=\"elementor-divider\">\n\t\t\t<span class=\"elementor-divider-separator\">\n\t\t\t\t\t\t<\/span>\n\t\t<\/div>\n\t\t\t\t\t\t<\/div>\n\t\t\t\t<\/div>\n\t\t\t\t<div class=\"elementor-element elementor-element-6739262 elementor-widget elementor-widget-image\" data-id=\"6739262\" data-element_type=\"widget\" data-e-type=\"widget\" data-widget_type=\"image.default\">\n\t\t\t\t<div class=\"elementor-widget-container\">\n\t\t\t\t\t\t\t\t\t\t\t\t\t\t\t<img fetchpriority=\"high\" decoding=\"async\" width=\"1024\" height=\"576\" src=\"https:\/\/venteterrainrivenord.com\/wp-content\/uploads\/2023\/05\/bec-sie-01-1024x576.jpg\" class=\"attachment-large size-large wp-image-610\" alt=\"IQ-QUATTRO- TERRAINS-\u00c0 VENDRE-Terrain Lac des Becs-Scie\" srcset=\"https:\/\/venteterrainrivenord.com\/wp-content\/uploads\/2023\/05\/bec-sie-01-1024x576.jpg 1024w, https:\/\/venteterrainrivenord.com\/wp-content\/uploads\/2023\/05\/bec-sie-01-300x169.jpg 300w, https:\/\/venteterrainrivenord.com\/wp-content\/uploads\/2023\/05\/bec-sie-01-768x432.jpg 768w, https:\/\/venteterrainrivenord.com\/wp-content\/uploads\/2023\/05\/bec-sie-01-18x10.jpg 18w, https:\/\/venteterrainrivenord.com\/wp-content\/uploads\/2023\/05\/bec-sie-01.jpg 1198w\" sizes=\"(max-width: 1024px) 100vw, 1024px\" \/>\t\t\t\t\t\t\t\t\t\t\t\t\t\t\t<\/div>\n\t\t\t\t<\/div>\n\t\t\t\t<div class=\"elementor-element elementor-element-f1f7c0c elementor-invisible elementor-widget elementor-widget-heading\" data-id=\"f1f7c0c\" data-element_type=\"widget\" data-e-type=\"widget\" data-settings=\"{&quot;_animation&quot;:&quot;zoomIn&quot;}\" data-widget_type=\"heading.default\">\n\t\t\t\t<div class=\"elementor-widget-container\">\n\t\t\t\t\t<h2 class=\"elementor-heading-title elementor-size-default\">Don't miss this opportunity<\/h2>\t\t\t\t<\/div>\n\t\t\t\t<\/div>\n\t\t\t\t<div class=\"elementor-element elementor-element-d5941f4 elementor-mobile-align-center elementor-align-center elementor-invisible elementor-widget elementor-widget-button\" data-id=\"d5941f4\" data-element_type=\"widget\" data-e-type=\"widget\" data-settings=\"{&quot;_animation&quot;:&quot;zoomIn&quot;}\" data-widget_type=\"button.default\">\n\t\t\t\t<div class=\"elementor-widget-container\">\n\t\t\t\t\t\t\t\t\t<div class=\"elementor-button-wrapper\">\n\t\t\t\t\t<a class=\"elementor-button elementor-button-link elementor-size-lg\" href=\"tel:514-239-9859\" target=\"_blank\">\n\t\t\t\t\t\t<span class=\"elementor-button-content-wrapper\">\n\t\t\t\t\t\t<span class=\"elementor-button-icon\">\n\t\t\t\t<i aria-hidden=\"true\" class=\"fas fa-phone-alt\"><\/i>\t\t\t<\/span>\n\t\t\t\t\t\t\t\t\t<span class=\"elementor-button-text\">514-239-9859<\/span>\n\t\t\t\t\t<\/span>\n\t\t\t\t\t<\/a>\n\t\t\t\t<\/div>\n\t\t\t\t\t\t\t\t<\/div>\n\t\t\t\t<\/div>\n\t\t\t\t\t<\/div>\n\t\t<\/div>\n\t\t\t\t\t<\/div>\n\t\t<\/section>\n\t\t\t\t<section class=\"elementor-section elementor-top-section elementor-element elementor-element-82a91ab elementor-section-boxed elementor-section-height-default elementor-section-height-default\" data-id=\"82a91ab\" data-element_type=\"section\" data-e-type=\"section\">\n\t\t\t\t\t\t<div class=\"elementor-container elementor-column-gap-default\">\n\t\t\t\t\t<div class=\"elementor-column elementor-col-100 elementor-top-column elementor-element elementor-element-8ba3e68 elementor-invisible\" data-id=\"8ba3e68\" data-element_type=\"column\" data-e-type=\"column\" data-settings=\"{&quot;animation&quot;:&quot;zoomIn&quot;}\">\n\t\t\t<div class=\"elementor-widget-wrap elementor-element-populated\">\n\t\t\t\t\t\t<div class=\"elementor-element elementor-element-9784328 elementor-widget-divider--view-line elementor-widget elementor-widget-divider\" data-id=\"9784328\" data-element_type=\"widget\" data-e-type=\"widget\" data-widget_type=\"divider.default\">\n\t\t\t\t<div class=\"elementor-widget-container\">\n\t\t\t\t\t\t\t<div class=\"elementor-divider\">\n\t\t\t<span class=\"elementor-divider-separator\">\n\t\t\t\t\t\t<\/span>\n\t\t<\/div>\n\t\t\t\t\t\t<\/div>\n\t\t\t\t<\/div>\n\t\t\t\t\t<\/div>\n\t\t<\/div>\n\t\t\t\t\t<\/div>\n\t\t<\/section>\n\t\t\t\t<section class=\"elementor-section elementor-top-section elementor-element elementor-element-129e639 elementor-section-full_width elementor-section-height-default elementor-section-height-default\" data-id=\"129e639\" data-element_type=\"section\" data-e-type=\"section\">\n\t\t\t\t\t\t<div class=\"elementor-container elementor-column-gap-default\">\n\t\t\t\t\t<div class=\"elementor-column elementor-col-50 elementor-top-column elementor-element elementor-element-4b93e7c\" data-id=\"4b93e7c\" data-element_type=\"column\" data-e-type=\"column\">\n\t\t\t<div class=\"elementor-widget-wrap elementor-element-populated\">\n\t\t\t\t\t\t<div class=\"elementor-element elementor-element-ee6db0f elementor-widget elementor-widget-image\" data-id=\"ee6db0f\" data-element_type=\"widget\" data-e-type=\"widget\" data-widget_type=\"image.default\">\n\t\t\t\t<div class=\"elementor-widget-container\">\n\t\t\t\t\t\t\t\t\t\t\t\t\t\t\t<img decoding=\"async\" width=\"888\" height=\"680\" src=\"https:\/\/venteterrainrivenord.com\/wp-content\/uploads\/2023\/06\/p0lan-becs-scie-02.jpeg\" class=\"attachment-large size-large wp-image-1069\" alt=\"IQ-QUATTRO, rive-nord, terrains bois\u00e9s, d\u00e9veloppement-Lac-Bec-Scie\" srcset=\"https:\/\/venteterrainrivenord.com\/wp-content\/uploads\/2023\/06\/p0lan-becs-scie-02.jpeg 888w, https:\/\/venteterrainrivenord.com\/wp-content\/uploads\/2023\/06\/p0lan-becs-scie-02-300x230.jpeg 300w, https:\/\/venteterrainrivenord.com\/wp-content\/uploads\/2023\/06\/p0lan-becs-scie-02-768x588.jpeg 768w, https:\/\/venteterrainrivenord.com\/wp-content\/uploads\/2023\/06\/p0lan-becs-scie-02-16x12.jpeg 16w\" sizes=\"(max-width: 888px) 100vw, 888px\" \/>\t\t\t\t\t\t\t\t\t\t\t\t\t\t\t<\/div>\n\t\t\t\t<\/div>\n\t\t\t\t\t<\/div>\n\t\t<\/div>\n\t\t\t\t<div class=\"elementor-column elementor-col-50 elementor-top-column elementor-element elementor-element-57f580d\" data-id=\"57f580d\" data-element_type=\"column\" data-e-type=\"column\">\n\t\t\t<div class=\"elementor-widget-wrap elementor-element-populated\">\n\t\t\t\t\t\t<div class=\"elementor-element elementor-element-8600e65 elementor-widget elementor-widget-image\" data-id=\"8600e65\" data-element_type=\"widget\" data-e-type=\"widget\" data-widget_type=\"image.default\">\n\t\t\t\t<div class=\"elementor-widget-container\">\n\t\t\t\t\t\t\t\t\t\t\t\t\t\t\t<img decoding=\"async\" width=\"888\" height=\"680\" src=\"https:\/\/venteterrainrivenord.com\/wp-content\/uploads\/2023\/06\/p0lan-becs-scie-01.jpeg\" class=\"attachment-large size-large wp-image-1070\" alt=\"\" srcset=\"https:\/\/venteterrainrivenord.com\/wp-content\/uploads\/2023\/06\/p0lan-becs-scie-01.jpeg 888w, https:\/\/venteterrainrivenord.com\/wp-content\/uploads\/2023\/06\/p0lan-becs-scie-01-300x230.jpeg 300w, https:\/\/venteterrainrivenord.com\/wp-content\/uploads\/2023\/06\/p0lan-becs-scie-01-768x588.jpeg 768w, https:\/\/venteterrainrivenord.com\/wp-content\/uploads\/2023\/06\/p0lan-becs-scie-01-16x12.jpeg 16w\" sizes=\"(max-width: 888px) 100vw, 888px\" \/>\t\t\t\t\t\t\t\t\t\t\t\t\t\t\t<\/div>\n\t\t\t\t<\/div>\n\t\t\t\t\t<\/div>\n\t\t<\/div>\n\t\t\t\t\t<\/div>\n\t\t<\/section>\n\t\t\t\t<section class=\"elementor-section elementor-top-section elementor-element elementor-element-dc3e3c4 elementor-section-full_width elementor-section-height-default elementor-section-height-default\" data-id=\"dc3e3c4\" data-element_type=\"section\" data-e-type=\"section\">\n\t\t\t\t\t\t<div class=\"elementor-container elementor-column-gap-default\">\n\t\t\t\t\t<div class=\"elementor-column elementor-col-100 elementor-top-column elementor-element elementor-element-4fcf0e4\" data-id=\"4fcf0e4\" data-element_type=\"column\" data-e-type=\"column\">\n\t\t\t<div class=\"elementor-widget-wrap elementor-element-populated\">\n\t\t\t\t\t\t<div class=\"elementor-element elementor-element-a745aab elementor-widget elementor-widget-google_maps\" data-id=\"a745aab\" data-element_type=\"widget\" data-e-type=\"widget\" data-widget_type=\"google_maps.default\">\n\t\t\t\t<div class=\"elementor-widget-container\">\n\t\t\t\t\t\t\t<div class=\"elementor-custom-embed\">\n\t\t\t<iframe loading=\"lazy\"\n\t\t\t\t\tsrc=\"https:\/\/maps.google.com\/maps?q=Saint-Sauveur%2C%20QC%20J0R%201R1&#038;t=m&#038;z=10&#038;output=embed&#038;iwloc=near\"\n\t\t\t\t\ttitle=\"Saint-Sauveur, QC J0R 1R1\"\n\t\t\t\t\taria-label=\"Saint-Sauveur, QC J0R 1R1\"\n\t\t\t><\/iframe>\n\t\t<\/div>\n\t\t\t\t\t\t<\/div>\n\t\t\t\t<\/div>\n\t\t\t\t\t<\/div>\n\t\t<\/div>\n\t\t\t\t\t<\/div>\n\t\t<\/section>\n\t\t\t\t<\/div>","protected":false},"excerpt":{"rendered":"<p>TERRAIN \u00c0 VENDRE DOMAINE PRIV\u00c9 LAC DES BECS-SCIE 514-239-9859 Domaine priv\u00e9 Grand terrain bois\u00e9 pr\u00eat pour votre construction \u00e0 moins de 10 minutes du centre-ville de St-Sauveur! proximit\u00e9 de Saint-Sauveur &#8211;Domaine priv\u00e9 \u00e0 vendre ou pour subdivision de 2 ou 3 lots&#8211;Terrain sans services, pr\u00eat \u00e0 b\u00e2tir de 257 200pi2 avec servitude d\u2019acc\u00e8s au Lac&hellip;&nbsp;<a href=\"https:\/\/venteterrainrivenord.com\/en\/terrain-a-vendre-terrain-lac-des-becs-scie\/\" rel=\"bookmark\">Read More &raquo;<span class=\"screen-reader-text\">terrain \u00e0 vendre Lac des Becs-Scie<\/span><\/a><\/p>","protected":false},"author":1,"featured_media":0,"parent":0,"menu_order":0,"comment_status":"closed","ping_status":"closed","template":"page-templates\/template-pagebuilder-full-width.php","meta":{"om_disable_all_campaigns":false,"_monsterinsights_skip_tracking":false,"_monsterinsights_sitenote_active":false,"_monsterinsights_sitenote_note":"","_monsterinsights_sitenote_category":0,"neve_meta_sidebar":"","neve_meta_container":"","neve_meta_enable_content_width":"off","neve_meta_content_width":70,"neve_meta_title_alignment":"left","neve_meta_author_avatar":"","neve_post_elements_order":"","neve_meta_disable_header":"","neve_meta_disable_footer":"","neve_meta_disable_title":"on","neve_meta_reading_time":"","footnotes":""},"class_list":["post-1870","page","type-page","status-publish","hentry"],"aioseo_notices":[],"_links":{"self":[{"href":"https:\/\/venteterrainrivenord.com\/en\/wp-json\/wp\/v2\/pages\/1870","targetHints":{"allow":["GET"]}}],"collection":[{"href":"https:\/\/venteterrainrivenord.com\/en\/wp-json\/wp\/v2\/pages"}],"about":[{"href":"https:\/\/venteterrainrivenord.com\/en\/wp-json\/wp\/v2\/types\/page"}],"author":[{"embeddable":true,"href":"https:\/\/venteterrainrivenord.com\/en\/wp-json\/wp\/v2\/users\/1"}],"replies":[{"embeddable":true,"href":"https:\/\/venteterrainrivenord.com\/en\/wp-json\/wp\/v2\/comments?post=1870"}],"version-history":[{"count":20,"href":"https:\/\/venteterrainrivenord.com\/en\/wp-json\/wp\/v2\/pages\/1870\/revisions"}],"predecessor-version":[{"id":2124,"href":"https:\/\/venteterrainrivenord.com\/en\/wp-json\/wp\/v2\/pages\/1870\/revisions\/2124"}],"wp:attachment":[{"href":"https:\/\/venteterrainrivenord.com\/en\/wp-json\/wp\/v2\/media?parent=1870"}],"curies":[{"name":"wp","href":"https:\/\/api.w.org\/{rel}","templated":true}]}}